{"id":75423,"date":"2024-10-02T15:17:37","date_gmt":"2024-10-02T22:17:37","guid":{"rendered":"https:\/\/tiaraexpress.us\/product\/mochila-artesanal-con-diseno-etnico-y-bordados-de-colores-manta-con-cuero-pieza\/"},"modified":"2024-11-06T12:29:18","modified_gmt":"2024-11-06T20:29:18","slug":"mochila-artesanal-con-diseno-etnico-y-bordados-de-colores-manta-con-cuero-pieza","status":"publish","type":"product","link":"https:\/\/tiaraexpress.us\/es\/producto\/mochila-artesanal-con-diseno-etnico-y-bordados-de-colores-manta-con-cuero-pieza\/","title":{"rendered":"Mochila artesanal con dise\u00f1o \u00e9tnico y bordados de colores \/ manta con cuero (Pieza)"},"content":{"rendered":"<p>300<\/p>\n<p>Embroidered Fabric Mixed Colors<\/p>\n<p>Piece<\/p>\n<p>100<\/p>\n<p>18.00<\/p>\n","protected":false},"excerpt":{"rendered":"<p>Una vibrante mochila hecha a mano con tejidos tradicionales y bordados detallados. Fabricada con materiales de alta calidad, es perfecta para quienes buscan un accesorio \u00fanico y colorido para el uso diario o los viajes. Un dise\u00f1o bohemio y aut\u00e9ntico para complementar cualquier estilo.  <\/p>\n","protected":false},"featured_media":75236,"template":"","meta":[],"product_cat":[250,375],"product_tag":[],"yst_prominent_words":[],"class_list":{"0":"post-75423","1":"product","2":"type-product","3":"status-publish","4":"has-post-thumbnail","6":"product_cat-belleza","7":"product_cat-bolsos-y-carteras","8":"pa_color-tela-bordada-colores-mixtos","9":"pa_figure-bordado","10":"pa_material-tejido-bordado-piel-grabada","11":"pa_presentation-pieza","12":"pa_size-14-de-largo-x-10-de-ancho","14":"first","15":"instock","16":"taxable","17":"shipping-taxable","18":"purchasable","19":"product-type-simple"},"_links":{"self":[{"href":"https:\/\/tiaraexpress.us\/es\/wp-json\/wp\/v2\/product\/75423","targetHints":{"allow":["GET"]}}],"collection":[{"href":"https:\/\/tiaraexpress.us\/es\/wp-json\/wp\/v2\/product"}],"about":[{"href":"https:\/\/tiaraexpress.us\/es\/wp-json\/wp\/v2\/types\/product"}],"wp:featuredmedia":[{"embeddable":true,"href":"https:\/\/tiaraexpress.us\/es\/wp-json\/wp\/v2\/media\/75236"}],"wp:attachment":[{"href":"https:\/\/tiaraexpress.us\/es\/wp-json\/wp\/v2\/media?parent=75423"}],"wp:term":[{"taxonomy":"product_cat","embeddable":true,"href":"https:\/\/tiaraexpress.us\/es\/wp-json\/wp\/v2\/product_cat?post=75423"},{"taxonomy":"product_tag","embeddable":true,"href":"https:\/\/tiaraexpress.us\/es\/wp-json\/wp\/v2\/product_tag?post=75423"},{"taxonomy":"yst_prominent_words","embeddable":true,"href":"https:\/\/tiaraexpress.us\/es\/wp-json\/wp\/v2\/yst_prominent_words?post=75423"}],"curies":[{"name":"wp","href":"https:\/\/api.w.org\/{rel}","templated":true}]}}